{"id":19426,"date":"2025-11-10T12:23:20","date_gmt":"2025-11-10T12:23:20","guid":{"rendered":"https:\/\/bodegasleda.com\/privacy-policy\/"},"modified":"2026-03-25T09:01:23","modified_gmt":"2026-03-25T09:01:23","slug":"privacy-policy","status":"publish","type":"page","link":"https:\/\/bodegasleda.com\/en\/privacy-policy\/","title":{"rendered":"Privacy policy"},"content":{"rendered":"\n<h1 class=\"wp-block-heading\">Privacy policy<\/h1>\n<h3>INTRODUCCI\u00d3N<\/h3>\n<p>En Bodegas Leda, sensibilizados con las necesidades de los usuarios de Internet y conscientes de la importancia de la rigurosa privacidad de la informaci\u00f3n personal que nos conf\u00edan, incluimos esta declaraci\u00f3n de privacidad con el objeto de que seas consciente de la pol\u00edtica en el tratamiento de los datos personales que obtiene de sus visitantes y usuarios.<\/p><p>Como usuario, aceptas estas condiciones por el mero hecho de leer, visualizar o navegar en el sitio. De no aceptarlas, debes abandonar el sitio, sin hacer uso alguno de \u00e9l y su contenido, y sin acceder a las p\u00e1ginas enlazadas.<\/p>\n<h3 id='responsable'>RESPONSABLE DEL TRATAMIENTO DE DATOS<\/h3>\n<p>El titular del sitio y responsable del tratamiento de datos es Bodegas Leda Vi\u00f1as Viejas, S.L., con NIF B47421276, para contactar puedes utilizar la direcci\u00f3n de correo electr\u00f3nico <a href=\"mailto:i%6efo%40%62o&#100;%65&#103;&#97;s&#108;ed%61.%6da%73av&#101;u&#46;c&#111;&#109;\">in&#102;&#111;&#64;&#98;o&#100;e&#103;as&#108;ed&#97;&#46;&#109;&#97;save&#117;.&#99;&#111;&#109;<\/a>, el tel\u00e9fono 983 52 06 82 o correo postal a Calle Mayor, 48, c\u00f3digo postal 47320 de Tudela de Duero, Valladolid.<\/p>\n<h3 id='finalidad'>FINALIDAD DEL TRATAMIENTO DE DATOS<\/h3>\n<p>En nuestros sitios web, existen unos apartados espec\u00edficos donde puedes anotar tus datos para recibir informaci\u00f3n sobre actualizaciones de nuestra web y de algunos los programas que se distribuyen. Nosotros te aseguramos que la informaci\u00f3n que nos facilites ser\u00e1 gestionada de forma totalmente confidencial.<\/p><p>Los datos se almacenar\u00e1n mientras exista previsi\u00f3n de su uso para el fin por el que fueron recabados.<\/p><p>No se realizan tomas de decisiones automatizadas con tus datos.<\/p><p>La web puede utilizar cookies, consulta nuestra <a href=\"\">pol\u00edtica de cookies<\/a>.<\/p>\n<h3 id='legitimacion'>LEGITIMACI\u00d3N DEL TRATAMIENTO DE DATOS<\/h3>\n<p>El uso de tus datos se realiza porque nos das tu consentimiento para usar los que nos proporcionas en los formularios para un uso espec\u00edfico que se indica en cada uno de ellos. Tus datos solo son necesarios para los usos concretos por los que se te solicitan, si no nos los facilitas, esos servicios no son posibles.<\/p>\n<h3 id='transferencia'>TRANSFERENCIAS Y CESIONES DE DATOS<\/h3>\n<p>Existe un compromiso firme por nuestra parte de que los datos que proporcione a Bodegas Leda, no ser\u00e1n vendidos ni cedidos a terceras personas sin el previo consentimiento del interesado bajo ning\u00fan concepto o circunstancia, salvo consentimiento expreso u obligaci\u00f3n legal.<\/p><p>Nuestro sitio web contiene enlaces hacia sitios web de terceros. Bodegas Leda no se hace responsable por las pol\u00edticas y pr\u00e1cticas de privacidad de estos otros sitios.<\/p>\n<h3 id='derechos'>DERECHOS DE LOS INTERESADOS<\/h3>\n<p>Tienes el derecho de acceder a la informaci\u00f3n que sobre tu persona est\u00e1 almacenada en nuestras bases de datos, rectificarla si existiera alguna errata, suprimirla, limitarla, oponerte a su tratamiento y retirar tu consentimiento si ese es tu deseo. Para ello simplemente debes escribir un e-mail a la direcci\u00f3n de correo electr\u00f3nico <a href=\"mailto:in&#102;o&#64;b%6fdeg&#97;%73%6c&#101;%64a.&#109;a&#115;a&#118;e%75&#46;&#99;o&#109;\">i&#110;&#102;o&#64;&#98;ode&#103;asl&#101;d&#97;&#46;ma&#115;aveu.c&#111;m<\/a> donde te atenderemos gustosamente cualquier consulta, comentario o aclaraci\u00f3n requerida al respecto.<\/p><p>Para mayor informaci\u00f3n sobre temas relacionados, el sitio de referencia en la Red espa\u00f1ola es la <a href=\"https:\/\/www.agpd.es\/\">Agencia de Protecci\u00f3n de Datos<\/a>, donde tienes derecho a reclamar.<\/p>\n\n","protected":false},"excerpt":{"rendered":"<p>Privacy policy<\/p>\n","protected":false},"author":31,"featured_media":0,"parent":0,"menu_order":0,"comment_status":"closed","ping_status":"closed","template":"","meta":{"footnotes":""},"class_list":["post-19426","page","type-page","status-publish","hentry"],"yoast_head":"<!-- This site is optimized with the Yoast SEO plugin v27.2 - https:\/\/yoast.com\/product\/yoast-seo-wordpress\/ -->\n<title>Privacy policy - Bodegas Leda<\/title>\n<meta name=\"robots\" content=\"noindex, nofollow\" \/>\n<meta property=\"og:locale\" content=\"en_US\" \/>\n<meta property=\"og:type\" content=\"article\" \/>\n<meta property=\"og:title\" content=\"Privacy policy - Bodegas Leda\" \/>\n<meta property=\"og:description\" content=\"Privacy policy\" \/>\n<meta property=\"og:url\" content=\"https:\/\/bodegasleda.com\/en\/privacy-policy\/\" \/>\n<meta property=\"og:site_name\" content=\"Bodegas Leda\" \/>\n<meta property=\"article:modified_time\" content=\"2026-03-25T09:01:23+00:00\" \/>\n<meta name=\"twitter:card\" content=\"summary_large_image\" \/>\n<script type=\"application\/ld+json\" class=\"yoast-schema-graph\">{\"@context\":\"https:\/\/schema.org\",\"@graph\":[{\"@type\":\"WebPage\",\"@id\":\"https:\/\/bodegasleda.com\/en\/privacy-policy\/\",\"url\":\"https:\/\/bodegasleda.com\/en\/privacy-policy\/\",\"name\":\"Privacy policy - Bodegas Leda\",\"isPartOf\":{\"@id\":\"https:\/\/bodegasleda.com\/en\/#website\"},\"datePublished\":\"2025-11-10T12:23:20+00:00\",\"dateModified\":\"2026-03-25T09:01:23+00:00\",\"breadcrumb\":{\"@id\":\"https:\/\/bodegasleda.com\/en\/privacy-policy\/#breadcrumb\"},\"inLanguage\":\"en-US\",\"potentialAction\":[{\"@type\":\"ReadAction\",\"target\":[\"https:\/\/bodegasleda.com\/en\/privacy-policy\/\"]}]},{\"@type\":\"BreadcrumbList\",\"@id\":\"https:\/\/bodegasleda.com\/en\/privacy-policy\/#breadcrumb\",\"itemListElement\":[{\"@type\":\"ListItem\",\"position\":1,\"name\":\"Inicio\",\"item\":\"https:\/\/bodegasleda.com\/en\/home\/\"},{\"@type\":\"ListItem\",\"position\":2,\"name\":\"Privacy policy\"}]},{\"@type\":\"WebSite\",\"@id\":\"https:\/\/bodegasleda.com\/en\/#website\",\"url\":\"https:\/\/bodegasleda.com\/en\/\",\"name\":\"Bodegas Leda\",\"description\":\"Vinos multiterroir de Castilla y Le\u00f3n\",\"publisher\":{\"@id\":\"https:\/\/bodegasleda.com\/en\/#organization\"},\"potentialAction\":[{\"@type\":\"SearchAction\",\"target\":{\"@type\":\"EntryPoint\",\"urlTemplate\":\"https:\/\/bodegasleda.com\/en\/?s={search_term_string}\"},\"query-input\":{\"@type\":\"PropertyValueSpecification\",\"valueRequired\":true,\"valueName\":\"search_term_string\"}}],\"inLanguage\":\"en-US\"},{\"@type\":\"Organization\",\"@id\":\"https:\/\/bodegasleda.com\/en\/#organization\",\"name\":\"Bodegas Leda\",\"url\":\"https:\/\/bodegasleda.com\/en\/\",\"logo\":{\"@type\":\"ImageObject\",\"inLanguage\":\"en-US\",\"@id\":\"https:\/\/bodegasleda.com\/en\/#\/schema\/logo\/image\/\",\"url\":\"https:\/\/bodegasleda.com\/wp-content\/uploads\/2025\/11\/logo-leda.svg\",\"contentUrl\":\"https:\/\/bodegasleda.com\/wp-content\/uploads\/2025\/11\/logo-leda.svg\",\"width\":127,\"height\":104,\"caption\":\"Bodegas Leda\"},\"image\":{\"@id\":\"https:\/\/bodegasleda.com\/en\/#\/schema\/logo\/image\/\"}}]}<\/script>\n<!-- \/ Yoast SEO plugin. -->","yoast_head_json":{"title":"Privacy policy - Bodegas Leda","robots":{"index":"noindex","follow":"nofollow"},"og_locale":"en_US","og_type":"article","og_title":"Privacy policy - Bodegas Leda","og_description":"Privacy policy","og_url":"https:\/\/bodegasleda.com\/en\/privacy-policy\/","og_site_name":"Bodegas Leda","article_modified_time":"2026-03-25T09:01:23+00:00","twitter_card":"summary_large_image","schema":{"@context":"https:\/\/schema.org","@graph":[{"@type":"WebPage","@id":"https:\/\/bodegasleda.com\/en\/privacy-policy\/","url":"https:\/\/bodegasleda.com\/en\/privacy-policy\/","name":"Privacy policy - Bodegas Leda","isPartOf":{"@id":"https:\/\/bodegasleda.com\/en\/#website"},"datePublished":"2025-11-10T12:23:20+00:00","dateModified":"2026-03-25T09:01:23+00:00","breadcrumb":{"@id":"https:\/\/bodegasleda.com\/en\/privacy-policy\/#breadcrumb"},"inLanguage":"en-US","potentialAction":[{"@type":"ReadAction","target":["https:\/\/bodegasleda.com\/en\/privacy-policy\/"]}]},{"@type":"BreadcrumbList","@id":"https:\/\/bodegasleda.com\/en\/privacy-policy\/#breadcrumb","itemListElement":[{"@type":"ListItem","position":1,"name":"Inicio","item":"https:\/\/bodegasleda.com\/en\/home\/"},{"@type":"ListItem","position":2,"name":"Privacy policy"}]},{"@type":"WebSite","@id":"https:\/\/bodegasleda.com\/en\/#website","url":"https:\/\/bodegasleda.com\/en\/","name":"Bodegas Leda","description":"Vinos multiterroir de Castilla y Le\u00f3n","publisher":{"@id":"https:\/\/bodegasleda.com\/en\/#organization"},"potentialAction":[{"@type":"SearchAction","target":{"@type":"EntryPoint","urlTemplate":"https:\/\/bodegasleda.com\/en\/?s={search_term_string}"},"query-input":{"@type":"PropertyValueSpecification","valueRequired":true,"valueName":"search_term_string"}}],"inLanguage":"en-US"},{"@type":"Organization","@id":"https:\/\/bodegasleda.com\/en\/#organization","name":"Bodegas Leda","url":"https:\/\/bodegasleda.com\/en\/","logo":{"@type":"ImageObject","inLanguage":"en-US","@id":"https:\/\/bodegasleda.com\/en\/#\/schema\/logo\/image\/","url":"https:\/\/bodegasleda.com\/wp-content\/uploads\/2025\/11\/logo-leda.svg","contentUrl":"https:\/\/bodegasleda.com\/wp-content\/uploads\/2025\/11\/logo-leda.svg","width":127,"height":104,"caption":"Bodegas Leda"},"image":{"@id":"https:\/\/bodegasleda.com\/en\/#\/schema\/logo\/image\/"}}]}},"_links":{"self":[{"href":"https:\/\/bodegasleda.com\/en\/wp-json\/wp\/v2\/pages\/19426","targetHints":{"allow":["GET"]}}],"collection":[{"href":"https:\/\/bodegasleda.com\/en\/wp-json\/wp\/v2\/pages"}],"about":[{"href":"https:\/\/bodegasleda.com\/en\/wp-json\/wp\/v2\/types\/page"}],"author":[{"embeddable":true,"href":"https:\/\/bodegasleda.com\/en\/wp-json\/wp\/v2\/users\/31"}],"replies":[{"embeddable":true,"href":"https:\/\/bodegasleda.com\/en\/wp-json\/wp\/v2\/comments?post=19426"}],"version-history":[{"count":2,"href":"https:\/\/bodegasleda.com\/en\/wp-json\/wp\/v2\/pages\/19426\/revisions"}],"predecessor-version":[{"id":19635,"href":"https:\/\/bodegasleda.com\/en\/wp-json\/wp\/v2\/pages\/19426\/revisions\/19635"}],"wp:attachment":[{"href":"https:\/\/bodegasleda.com\/en\/wp-json\/wp\/v2\/media?parent=19426"}],"curies":[{"name":"wp","href":"https:\/\/api.w.org\/{rel}","templated":true}]}}